{"id":14234,"date":"2025-05-21T16:15:35","date_gmt":"2025-05-21T08:15:35","guid":{"rendered":"https:\/\/www.weidasi.com\/?post_type=product&#038;p=14234"},"modified":"2025-05-21T16:25:41","modified_gmt":"2025-05-21T08:25:41","slug":"rechargeable-emergency-light-multi-feature-led-emergency-lamp-portable-emergency-light-for-outdoor-5","status":"publish","type":"product","link":"https:\/\/www.weidasi.com\/ar\/product\/rechargeable-emergency-light-multi-feature-led-emergency-lamp-portable-emergency-light-for-outdoor-5\/","title":{"rendered":"Weidasi LED Emergency Lamp 1000LM Outdoor Camping Lamp With Hook Rechargeable Portable Led Emergency Light"},"content":{"rendered":"<table style=\"width: 100.154%; border-collapse: collapse; height: 120px;\">\n<tbody>\n<tr style=\"width: 100%;\">\n<td style=\"width: 99.9631%; background-color: #4e82b4; border-style: solid; border-color: #ffffff; text-align: center; height: 24px;\" colspan=\"4\">\n<div data-slate-node=\"element\" data-slate-fragment=\"JTVCJTdCJTIydHlwZSUyMiUzQSUyMnBhcmFncmFwaCUyMiUyQyUyMmNoaWxkcmVuJTIyJTNBJTVCJTdCJTIyaWQlMjIlM0ElMjIyTndQMUdlWnFvJTIyJTJDJTIycGFyYUlkeCUyMiUzQTAlMkMlMjJzcmMlMjIlM0ElMjJXaG9sZXNhbGVzJTIwQUJTJTIwcG9ydGFibGUlMjBlbWVyZ2VuY3klMjBsaWdodCUyMGNhbXBpbmclMjBsYW1wJTIwVVNCJTIwb3V0cHV0JTIwcG9ydCUyMGZvciUyMG1vYmlsZSUyMHBob25lJTIwY2hhcmdlJTIwbGVkJTIwcmVjaGFyZ2VhYmxlJTIwZW1lcmdlbmN5JTIwbGlnaHQlMjIlMkMlMjJkc3QlMjIlM0ElMjIlRTYlODklQjklRTUlOEYlOTFBQlMlRTQlQkUlQkYlRTYlOTAlQkElRTUlQkMlOEYlRTUlQkElOTQlRTYlODAlQTUlRTclODElQUYlRTklODclOEUlRTglOTAlQTUlRTclODElQUZVU0IlRTglQkUlOTMlRTUlODclQkElRTclQUIlQUYlRTUlOEYlQTMlRTYlODklOEIlRTYlOUMlQkElRTUlODUlODUlRTclOTQlQjVsZWQlRTUlOEYlQUYlRTUlODUlODUlRTclOTQlQjUlRTUlQkElOTQlRTYlODAlQTUlRTclODElQUYlMjIlMkMlMjJtZXRhZGF0YSUyMiUzQSUyMiUyMiUyQyUyMm1ldGFEYXRhJTIyJTNBJTVCJTVEJTJDJTIydGV4dCUyMiUzQSUyMldob2xlc2FsZXMlMjBBQlMlMjBwb3J0YWJsZSUyMGVtZXJnZW5jeSUyMGxpZ2h0JTIwY2FtcGluZyUyMGxhbXAlMjBVU0IlMjBvdXRwdXQlMjBwb3J0JTIwZm9yJTIwbW9iaWxlJTIwcGhvbmUlMjBjaGFyZ2UlMjBsZWQlMjByZWNoYXJnZWFibGUlMjBlbWVyZ2VuY3klMjBsaWdodCUyMiU3RCU1RCU3RCUyQyU3QiUyMnR5cGUlMjIlM0ElMjJwYXJhZ3JhcGglMjIlMkMlMjJjaGlsZHJlbiUyMiUzQSU1QiU3QiUyMmlkJTIyJTNBJTIycExxNFpsdks1TSUyMiUyQyUyMnBhcmFJZHglMjIlM0ExJTJDJTIyc3JjJTIyJTNBJTIyJTIyJTJDJTIyZHN0JTIyJTNBJTIyJTIyJTJDJTIybWV0YWRhdGElMjIlM0ElMjIlMjIlMkMlMjJtZXRhRGF0YSUyMiUzQSU1QiU1RCUyQyUyMnRleHQlMjIlM0ElMjIlMjIlN0QlNUQlN0QlNUQ=\">LED Emergency Lamp Outdoor Camping Lamp With Hook Rechargeable Portable Led Emergency Light<\/div>\n<\/td>\n<\/tr>\n<tr style=\"height: 24px;\">\n<td style=\"width: 21.7528%; background-color: #f6f6f8; border-style: solid; border-color: #ffffff; height: 24px;\"><span style=\"color: #5c80b0; font-size: 12pt;\"><strong>\u0631\u0642\u0645 \u0627\u0644\u0635\u0646\u0641:<\/strong><\/span><\/td>\n<td style=\"width: 28.2472%; background-color: #f6f6f8; border-style: solid; border-color: #ffffff; height: 24px;\"><span style=\"font-size: 12pt;\">WD-843<\/span><\/td>\n<td style=\"width: 21.4761%; background-color: #f6f6f8; border-style: solid; border-color: #ffffff; height: 24px;\" data-spm-anchor-id=\"a2700.details.0.i47.7abce22d3UnoLF\"><span style=\"color: #5c80b0; font-size: 12pt;\"><strong>\u0627\u0644\u0648\u0635\u0641:<\/strong><\/span><\/td>\n<td style=\"width: 28.487%; background-color: #f6f6f8; border-style: solid; border-color: #ffffff; height: 24px;\" data-spm-anchor-id=\"a2700.details.0.i47.7abce22d3UnoLF\">\u0645\u0635\u0628\u0627\u062d \u0627\u0644\u0637\u0648\u0627\u0631\u0626 LED<\/td>\n<\/tr>\n<tr style=\"height: 24px;\">\n<td style=\"width: 21.7528%; background-color: #dae7ff; border-style: solid; border-color: #ffffff; height: 24px;\"><span style=\"color: #5c80b0; font-size: 12pt;\"><strong>\u0627\u0644\u062d\u0632\u0645\u0629:<\/strong><\/span><\/td>\n<td style=\"width: 28.2472%; background-color: #dae7ff; border-style: solid; border-color: #ffffff; height: 24px;\">\u0635\u0646\u062f\u0648\u0642 \u0627\u0644\u0623\u0644\u0648\u0627\u0646<\/td>\n<td style=\"width: 21.4761%; background-color: #dae7ff; border-style: solid; border-color: #ffffff; height: 24px;\"><span style=\"color: #5c80b0; font-size: 12pt;\"><strong>\u062d\u062c\u0645 \u0627\u0644\u0645\u0646\u062a\u062c:<\/strong><\/span><\/td>\n<td style=\"width: 28.487%; background-color: #dae7ff; border-style: solid; border-color: #ffffff; height: 24px;\"><span data-spm-anchor-id=\"a2700.details-description.0.i3.15369uPU9uPU2e\">7.3&#215;5.8&#215;32<\/span>cm<\/td>\n<\/tr>\n<tr style=\"height: 24px;\">\n<td style=\"width: 21.7528%; background-color: #dae7ff; border-style: solid; border-color: #ffffff; height: 24px;\"><span style=\"color: #5c80b0; font-size: 12pt;\"><strong>\u0645\u0648\u0643:<\/strong><\/span><\/td>\n<td style=\"width: 28.2472%; background-color: #dae7ff; border-style: solid; border-color: #ffffff; height: 24px;\">100 \u0642\u0637\u0639\u0629<\/td>\n<td style=\"width: 21.4761%; background-color: #dae7ff; border-style: solid; border-color: #ffffff; height: 24px;\"><span style=\"color: #5c80b0; font-size: 12pt;\"><strong>\u0645\u0642\u0627\u0633 CTN:<\/strong><\/span><\/td>\n<td style=\"width: 28.487%; background-color: #dae7ff; border-style: solid; border-color: #ffffff; height: 24px;\">52.5 \u00d7 31.5 \u00d7 31.5 \u00d7 38.5 \u0633\u0645<\/td>\n<\/tr>\n<tr style=\"height: 24px;\">\n<td style=\"width: 21.7528%; background-color: #dae7ff; border-style: solid; border-color: #ffffff; height: 24px;\"><span style=\"color: #5c80b0; font-size: 12pt;\"><strong>\u0627\u0644\u0643\u0645\u064a\u0629\/\u0627\u0644\u0637\u0646<\/strong><\/span><\/td>\n<td style=\"width: 28.2472%; background-color: #dae7ff; border-style: solid; border-color: #ffffff; height: 24px;\">30 \u0642\u0637\u0639\u0629<\/td>\n<td style=\"width: 21.4761%; background-color: #dae7ff; border-style: solid; border-color: #ffffff; height: 24px;\"><span style=\"color: #5c80b0; font-size: 12pt;\"><strong>\u062d\u062c\u0645 \u0627\u0644\u062a\u0639\u0628\u0626\u0629 \u0648\u0627\u0644\u062a\u063a\u0644\u064a\u0641:<\/strong><\/span><\/td>\n<td style=\"width: 28.487%; background-color: #dae7ff; border-style: solid; border-color: #ffffff; height: 24px;\">8 \u00d7 5.7 \u00d7 5.7 \u00d7 35.5 \u0633\u0645<\/td>\n<\/tr>\n<\/tbody>\n<\/table>\n<p>&nbsp;<\/p>\n<h3>\u0627\u0644\u0633\u0645\u0627\u062a \u0627\u0644\u0631\u0626\u064a\u0633\u064a\u0629<\/h3>\n<p data-spm-anchor-id=\"a2700.details.0.i32.7abce22d3UnoLF\"><strong>\u0627\u0644\u0633\u0645\u0627\u062a \u0627\u0644\u062e\u0627\u0635\u0629 \u0628\u0627\u0644\u0635\u0646\u0627\u0639\u0629<\/strong><\/p>\n<table style=\"height: 119px; width: 100%;\">\n<tbody>\n<tr style=\"height: 24px;\">\n<td style=\"width: 49.6923%; height: 24px; background-color: #c4d9ff; border-style: solid; border-color: #ffffff;\"><span style=\"font-size: 12pt;\"><strong>\u062e\u062f\u0645\u0629 \u062d\u0644\u0648\u0644 \u0627\u0644\u0625\u0636\u0627\u0621\u0629<\/strong><\/span><\/td>\n<td style=\"width: 49.6923%; height: 24px; background-color: #dae7ff; border-style: solid; border-color: #ffffff;\">\u062a\u0635\u0645\u064a\u0645 \u0627\u0644\u0625\u0636\u0627\u0621\u0629 \u0648\u0627\u0644\u062f\u0648\u0627\u0626\u0631 \u0627\u0644\u0643\u0647\u0631\u0628\u0627\u0626\u064a\u0629<\/td>\n<\/tr>\n<tr style=\"height: 24px;\">\n<td style=\"width: 49.6923%; height: 24px; background-color: #c4d9ff; border-style: solid; border-color: #ffffff;\"><span style=\"font-size: 12pt;\"><strong>\u0627\u0646\u0628\u0639\u0627\u062b \u0627\u0644\u0644\u0648\u0646<\/strong><\/span><\/td>\n<td style=\"width: 49.6923%; height: 24px; background-color: #dae7ff; border-style: solid; border-color: #ffffff;\">\u0623\u0628\u064a\u0636 \u0628\u0627\u0631\u062f<\/td>\n<\/tr>\n<tr style=\"height: 24px;\">\n<td style=\"width: 49.6923%; height: 24px; background-color: #c4d9ff; border-style: solid; border-color: #ffffff;\"><span style=\"font-size: 12pt;\"><strong>\u0627\u0633\u0645 \u0627\u0644\u0645\u0646\u062a\u062c<\/strong><\/span><\/td>\n<td style=\"width: 49.6923%; height: 24px; background-color: #dae7ff; border-style: solid; border-color: #ffffff;\">\u0645\u0635\u0628\u0627\u062d LED \u0644\u0644\u0637\u0648\u0627\u0631\u0626 \u0642\u0627\u0628\u0644 \u0644\u0625\u0639\u0627\u062f\u0629 \u0627\u0644\u0634\u062d\u0646<\/td>\n<\/tr>\n<tr style=\"height: 24px;\">\n<td style=\"width: 49.6923%; height: 23px; background-color: #c4d9ff; border-style: solid; border-color: #ffffff;\"><span style=\"font-size: 12pt;\"><strong>\u0627\u0644\u0645\u0648\u0627\u062f<\/strong><\/span><\/td>\n<td style=\"width: 49.6923%; height: 23px; background-color: #dae7ff; border-style: solid; border-color: #ffffff;\">ABS<\/td>\n<\/tr>\n<tr style=\"height: 24px;\">\n<td style=\"width: 49.6923%; height: 24px; background-color: #c4d9ff; border-style: solid; border-color: #ffffff;\"><span style=\"font-size: 12pt;\"><strong>\u0645\u0635\u062f\u0631 \u0627\u0644\u0636\u0648\u0621<\/strong><\/span><\/td>\n<td style=\"width: 49.6923%; height: 24px; background-color: #dae7ff; border-style: solid; border-color: #ffffff;\">\u0627\u0644\u0635\u0645\u0627\u0645 \u0627\u0644\u062b\u0646\u0627\u0626\u064a \u0627\u0644\u0628\u0627\u0639\u062b \u0644\u0644\u0636\u0648\u0621<\/td>\n<\/tr>\n<\/tbody>\n<\/table>\n<p>&nbsp;<\/p>\n<p>\u0645\u064a\u0632\u0629 \u0627\u0644\u0645\u0646\u062a\u062c:<br \/>\n1- \u062a\u0633\u062a\u062e\u062f\u0645 \u0641\u064a \u0627\u0644\u0623\u0645\u0627\u0643\u0646 \u0627\u0644\u0645\u063a\u0644\u0642\u0629 \u0648\u0627\u0644\u062e\u0627\u0631\u062c\u064a\u0629.<br \/>\n2- \u062a\u0648\u0641\u064a\u0631 \u0627\u0644\u0637\u0627\u0642\u0629 \u0648\u0645\u0631\u0646\u0629 \u0648\u0645\u0631\u064a\u062d\u0629 \u0641\u064a \u0627\u0644\u0627\u0633\u062a\u062e\u062f\u0627\u0645.<br \/>\n3- \u0627\u0633\u062a\u0647\u0644\u0627\u0643 \u0645\u0646\u062e\u0641\u0636 \u0644\u0644\u0637\u0627\u0642\u0629\u060c \u0633\u0637\u0648\u0639 \u0641\u0627\u0626\u0642 \u0648\u0623\u0628\u064a\u0636.<br \/>\n4-\u0645\u0642\u0628\u0633 \u0625\u062f\u062e\u0627\u0644 \u062a\u064a\u0627\u0631 \u0645\u062a\u0631\u062f\u062f\u060c \u062a\u064a\u0627\u0631 \u0645\u0633\u062a\u0645\u0631 (\u0644\u0644\u062a\u0648\u0635\u064a\u0644 \u0628\u0633\u0644\u0643 \u0634\u062d\u0646 \u0645\u062d\u0648\u0644 6 \u0641\u0648\u0644\u062a)<br \/>\n5- \u0645\u0646\u0641\u0630 \u0625\u062f\u062e\u0627\u0644 \u062a\u064a\u0627\u0631 \u0645\u062a\u0631\u062f\u062f 110-240 \u0641\u0648\u0644\u062a \u0648\u0643\u0627\u0628\u0644 \u0634\u062d\u0646 60 \u0633\u0645<\/p>\n<p>&nbsp;<\/p>\n<p><strong>\u062e\u062f\u0645\u0627\u062a\u0646\u0627:<\/strong><\/p>\n<p><span style=\"color: #ff0000;\">1. \u0639\u064a\u0646\u0629 \u0645\u062a\u0627\u062d\u0629 \u061b \u0642\u0628\u0648\u0644 \u0637\u0644\u0628\u064a\u0629 \u0627\u0644\u062a\u062a\u0628\u0639.<\/span><\/p>\n<p>2. ODM &amp; OEM \u0647\u064a \u0645\u0648\u0636\u0639 \u062a\u0631\u062d\u064a\u0628. LCL \/ OEM \/ ODM \/ CFL.<\/p>\n<p><span style=\"color: #ff0000;\">3. \u0625\u0630\u0627 \u0643\u0646\u062a \u062a\u0631\u063a\u0628 \u0641\u064a \u0627\u0633\u062a\u064a\u0631\u0627\u062f \u0628\u0639\u0636 \u0627\u0644\u0645\u0646\u062a\u062c\u0627\u062a \u0644\u0627\u062e\u062a\u0628\u0627\u0631 \u0627\u0644\u0633\u0648\u0642\u060c \u064a\u0645\u0643\u0646\u0646\u0627 \u062e\u0641\u0636 \u0645\u0648\u0643.<\/span><\/p>\n<p>4. \u0645\u0631\u062d\u0628\u064b\u0627 \u0628\u0643\u0645 \u0641\u064a \u0627\u0644\u0627\u062a\u0635\u0627\u0644 \u0628\u0646\u0627!<\/p>\n<p>&nbsp;<\/p>\n<p style=\"text-align: center;\">\n<p><img fetchpriority=\"high\" decoding=\"async\" class=\"aligncenter size-full wp-image-14212\" src=\"https:\/\/www.weidasi.com\/wp-content\/uploads\/2025\/05\/WD-843_01.jpg\" alt=\"wd 843 01\" width=\"750\" height=\"1818\" srcset=\"https:\/\/www.weidasi.com\/wp-content\/uploads\/2025\/05\/WD-843_01.jpg 750w, https:\/\/www.weidasi.com\/wp-content\/uploads\/2025\/05\/WD-843_01-248x600.jpg 248w, https:\/\/www.weidasi.com\/wp-content\/uploads\/2025\/05\/WD-843_01-422x1024.jpg 422w, https:\/\/www.weidasi.com\/wp-content\/uploads\/2025\/05\/WD-843_01-634x1536.jpg 634w, https:\/\/www.weidasi.com\/wp-content\/uploads\/2025\/05\/WD-843_01-5x12.jpg 5w, https:\/\/www.weidasi.com\/wp-content\/uploads\/2025\/05\/WD-843_01-600x1454.jpg 600w\" sizes=\"(max-width: 750px) 100vw, 750px\" \/> <img decoding=\"async\" class=\"aligncenter size-full wp-image-14213\" src=\"https:\/\/www.weidasi.com\/wp-content\/uploads\/2025\/05\/WD-843_02.jpg\" alt=\"wd 843 02\" width=\"750\" height=\"1249\" srcset=\"https:\/\/www.weidasi.com\/wp-content\/uploads\/2025\/05\/WD-843_02.jpg 750w, https:\/\/www.weidasi.com\/wp-content\/uploads\/2025\/05\/WD-843_02-360x600.jpg 360w, https:\/\/www.weidasi.com\/wp-content\/uploads\/2025\/05\/WD-843_02-615x1024.jpg 615w, https:\/\/www.weidasi.com\/wp-content\/uploads\/2025\/05\/WD-843_02-7x12.jpg 7w, https:\/\/www.weidasi.com\/wp-content\/uploads\/2025\/05\/WD-843_02-600x999.jpg 600w\" sizes=\"(max-width: 750px) 100vw, 750px\" \/> <img decoding=\"async\" class=\"aligncenter size-full wp-image-14214\" src=\"https:\/\/www.weidasi.com\/wp-content\/uploads\/2025\/05\/WD-843_03.jpg\" alt=\"wd 843 03\" width=\"750\" height=\"1700\" srcset=\"https:\/\/www.weidasi.com\/wp-content\/uploads\/2025\/05\/WD-843_03.jpg 750w, https:\/\/www.weidasi.com\/wp-content\/uploads\/2025\/05\/WD-843_03-265x600.jpg 265w, https:\/\/www.weidasi.com\/wp-content\/uploads\/2025\/05\/WD-843_03-452x1024.jpg 452w, https:\/\/www.weidasi.com\/wp-content\/uploads\/2025\/05\/WD-843_03-678x1536.jpg 678w, https:\/\/www.weidasi.com\/wp-content\/uploads\/2025\/05\/WD-843_03-5x12.jpg 5w, https:\/\/www.weidasi.com\/wp-content\/uploads\/2025\/05\/WD-843_03-600x1360.jpg 600w\" sizes=\"(max-width: 750px) 100vw, 750px\" \/> <img loading=\"lazy\" decoding=\"async\" class=\"aligncenter size-full wp-image-14215\" src=\"https:\/\/www.weidasi.com\/wp-content\/uploads\/2025\/05\/WD-843_04.jpg\" alt=\"wd 843 04\" width=\"750\" height=\"1435\" srcset=\"https:\/\/www.weidasi.com\/wp-content\/uploads\/2025\/05\/WD-843_04.jpg 750w, https:\/\/www.weidasi.com\/wp-content\/uploads\/2025\/05\/WD-843_04-314x600.jpg 314w, https:\/\/www.weidasi.com\/wp-content\/uploads\/2025\/05\/WD-843_04-535x1024.jpg 535w, https:\/\/www.weidasi.com\/wp-content\/uploads\/2025\/05\/WD-843_04-6x12.jpg 6w, https:\/\/www.weidasi.com\/wp-content\/uploads\/2025\/05\/WD-843_04-600x1148.jpg 600w\" sizes=\"(max-width: 750px) 100vw, 750px\" \/> <img loading=\"lazy\" decoding=\"async\" class=\"aligncenter size-full wp-image-14216\" src=\"https:\/\/www.weidasi.com\/wp-content\/uploads\/2025\/05\/WD-843_05.jpg\" alt=\"wd 843 05\" width=\"750\" height=\"1151\" srcset=\"https:\/\/www.weidasi.com\/wp-content\/uploads\/2025\/05\/WD-843_05.jpg 750w, https:\/\/www.weidasi.com\/wp-content\/uploads\/2025\/05\/WD-843_05-391x600.jpg 391w, https:\/\/www.weidasi.com\/wp-content\/uploads\/2025\/05\/WD-843_05-667x1024.jpg 667w, https:\/\/www.weidasi.com\/wp-content\/uploads\/2025\/05\/WD-843_05-8x12.jpg 8w, https:\/\/www.weidasi.com\/wp-content\/uploads\/2025\/05\/WD-843_05-600x921.jpg 600w\" sizes=\"(max-width: 750px) 100vw, 750px\" \/> <img loading=\"lazy\" decoding=\"async\" class=\"aligncenter size-full wp-image-14217\" src=\"https:\/\/www.weidasi.com\/wp-content\/uploads\/2025\/05\/WD-843_06.jpg\" alt=\"wd 843 06\" width=\"750\" height=\"1345\" srcset=\"https:\/\/www.weidasi.com\/wp-content\/uploads\/2025\/05\/WD-843_06.jpg 750w, https:\/\/www.weidasi.com\/wp-content\/uploads\/2025\/05\/WD-843_06-335x600.jpg 335w, https:\/\/www.weidasi.com\/wp-content\/uploads\/2025\/05\/WD-843_06-571x1024.jpg 571w, https:\/\/www.weidasi.com\/wp-content\/uploads\/2025\/05\/WD-843_06-7x12.jpg 7w, https:\/\/www.weidasi.com\/wp-content\/uploads\/2025\/05\/WD-843_06-600x1076.jpg 600w\" sizes=\"(max-width: 750px) 100vw, 750px\" \/> <img loading=\"lazy\" decoding=\"async\" class=\"aligncenter size-full wp-image-14218\" src=\"https:\/\/www.weidasi.com\/wp-content\/uploads\/2025\/05\/WD-843_07.jpg\" alt=\"wd 843 07\" width=\"750\" height=\"699\" srcset=\"https:\/\/www.weidasi.com\/wp-content\/uploads\/2025\/05\/WD-843_07.jpg 750w, https:\/\/www.weidasi.com\/wp-content\/uploads\/2025\/05\/WD-843_07-600x559.jpg 600w, https:\/\/www.weidasi.com\/wp-content\/uploads\/2025\/05\/WD-843_07-13x12.jpg 13w\" sizes=\"(max-width: 750px) 100vw, 750px\" \/> <img loading=\"lazy\" decoding=\"async\" class=\"aligncenter size-full wp-image-14219\" src=\"https:\/\/www.weidasi.com\/wp-content\/uploads\/2025\/05\/WD-843_08.jpg\" alt=\"wd 843 08\" width=\"750\" height=\"1156\" srcset=\"https:\/\/www.weidasi.com\/wp-content\/uploads\/2025\/05\/WD-843_08.jpg 750w, https:\/\/www.weidasi.com\/wp-content\/uploads\/2025\/05\/WD-843_08-389x600.jpg 389w, https:\/\/www.weidasi.com\/wp-content\/uploads\/2025\/05\/WD-843_08-664x1024.jpg 664w, https:\/\/www.weidasi.com\/wp-content\/uploads\/2025\/05\/WD-843_08-8x12.jpg 8w, https:\/\/www.weidasi.com\/wp-content\/uploads\/2025\/05\/WD-843_08-600x925.jpg 600w\" sizes=\"(max-width: 750px) 100vw, 750px\" \/> <img loading=\"lazy\" decoding=\"async\" class=\"aligncenter size-full wp-image-14220\" src=\"https:\/\/www.weidasi.com\/wp-content\/uploads\/2025\/05\/WD-843_09.jpg\" alt=\"wd 843 09\" width=\"750\" height=\"788\" srcset=\"https:\/\/www.weidasi.com\/wp-content\/uploads\/2025\/05\/WD-843_09.jpg 750w, https:\/\/www.weidasi.com\/wp-content\/uploads\/2025\/05\/WD-843_09-571x600.jpg 571w, https:\/\/www.weidasi.com\/wp-content\/uploads\/2025\/05\/WD-843_09-11x12.jpg 11w, https:\/\/www.weidasi.com\/wp-content\/uploads\/2025\/05\/WD-843_09-600x630.jpg 600w\" sizes=\"(max-width: 750px) 100vw, 750px\" \/> <img loading=\"lazy\" decoding=\"async\" class=\"aligncenter size-full wp-image-14221\" src=\"https:\/\/www.weidasi.com\/wp-content\/uploads\/2025\/05\/WD-843_10.jpg\" alt=\"wd 843 10\" width=\"750\" height=\"864\" srcset=\"https:\/\/www.weidasi.com\/wp-content\/uploads\/2025\/05\/WD-843_10.jpg 750w, https:\/\/www.weidasi.com\/wp-content\/uploads\/2025\/05\/WD-843_10-521x600.jpg 521w, https:\/\/www.weidasi.com\/wp-content\/uploads\/2025\/05\/WD-843_10-10x12.jpg 10w, https:\/\/www.weidasi.com\/wp-content\/uploads\/2025\/05\/WD-843_10-600x691.jpg 600w\" sizes=\"(max-width: 750px) 100vw, 750px\" \/> <img loading=\"lazy\" decoding=\"async\" class=\"aligncenter size-full wp-image-14222\" src=\"https:\/\/www.weidasi.com\/wp-content\/uploads\/2025\/05\/WD-843_11.jpg\" alt=\"wd 843 11\" width=\"750\" height=\"824\" srcset=\"https:\/\/www.weidasi.com\/wp-content\/uploads\/2025\/05\/WD-843_11.jpg 750w, https:\/\/www.weidasi.com\/wp-content\/uploads\/2025\/05\/WD-843_11-546x600.jpg 546w, https:\/\/www.weidasi.com\/wp-content\/uploads\/2025\/05\/WD-843_11-11x12.jpg 11w, https:\/\/www.weidasi.com\/wp-content\/uploads\/2025\/05\/WD-843_11-600x659.jpg 600w\" sizes=\"(max-width: 750px) 100vw, 750px\" \/> <img loading=\"lazy\" decoding=\"async\" class=\"aligncenter size-full wp-image-14223\" src=\"https:\/\/www.weidasi.com\/wp-content\/uploads\/2025\/05\/WD-843_12.jpg\" alt=\"wd 843 12\" width=\"750\" height=\"1688\" srcset=\"https:\/\/www.weidasi.com\/wp-content\/uploads\/2025\/05\/WD-843_12.jpg 750w, https:\/\/www.weidasi.com\/wp-content\/uploads\/2025\/05\/WD-843_12-267x600.jpg 267w, https:\/\/www.weidasi.com\/wp-content\/uploads\/2025\/05\/WD-843_12-455x1024.jpg 455w, https:\/\/www.weidasi.com\/wp-content\/uploads\/2025\/05\/WD-843_12-682x1536.jpg 682w, https:\/\/www.weidasi.com\/wp-content\/uploads\/2025\/05\/WD-843_12-5x12.jpg 5w, https:\/\/www.weidasi.com\/wp-content\/uploads\/2025\/05\/WD-843_12-600x1350.jpg 600w\" sizes=\"(max-width: 750px) 100vw, 750px\" \/><\/p>","protected":false},"excerpt":{"rendered":"<p>LED Emergency Lamp Outdoor Camping Lamp With Hook Rechargeable Portable Led Emergency Light Item\u00a0No.: WD-843 Description: Led Emergency Lamp Package: Color\u00a0Box Product Size: 7.3&#215;5.8&#215;32cm MOQ: 100pcs CTN Size: 52.5&#215;31.5&#215;38.5cm Qty\/Ctn: 30PCS Packing Size: 8&#215;5.7&#215;35.5cm &nbsp; Key attributes Industry-specific attributes Lighting solutions service Lighting and circuitry design Emitting Color Cold White Product name rechargeable emergency led [&hellip;]<\/p>","protected":false},"featured_media":14233,"template":"","meta":{"_seopress_robots_primary_cat":"none","_seopress_titles_title":"","_seopress_titles_desc":"","_seopress_robots_index":"","inline_featured_image":false},"product_brand":[],"product_cat":[19],"product_tag":[],"class_list":{"0":"post-14234","1":"product","2":"type-product","3":"status-publish","4":"has-post-thumbnail","6":"product_cat-emergency-light","8":"first","9":"instock","10":"shipping-taxable","11":"product-type-simple"},"_links":{"self":[{"href":"https:\/\/www.weidasi.com\/ar\/wp-json\/wp\/v2\/product\/14234","targetHints":{"allow":["GET"]}}],"collection":[{"href":"https:\/\/www.weidasi.com\/ar\/wp-json\/wp\/v2\/product"}],"about":[{"href":"https:\/\/www.weidasi.com\/ar\/wp-json\/wp\/v2\/types\/product"}],"version-history":[{"count":1,"href":"https:\/\/www.weidasi.com\/ar\/wp-json\/wp\/v2\/product\/14234\/revisions"}],"predecessor-version":[{"id":14235,"href":"https:\/\/www.weidasi.com\/ar\/wp-json\/wp\/v2\/product\/14234\/revisions\/14235"}],"wp:featuredmedia":[{"embeddable":true,"href":"https:\/\/www.weidasi.com\/ar\/wp-json\/wp\/v2\/media\/14233"}],"wp:attachment":[{"href":"https:\/\/www.weidasi.com\/ar\/wp-json\/wp\/v2\/media?parent=14234"}],"wp:term":[{"taxonomy":"product_brand","embeddable":true,"href":"https:\/\/www.weidasi.com\/ar\/wp-json\/wp\/v2\/product_brand?post=14234"},{"taxonomy":"product_cat","embeddable":true,"href":"https:\/\/www.weidasi.com\/ar\/wp-json\/wp\/v2\/product_cat?post=14234"},{"taxonomy":"product_tag","embeddable":true,"href":"https:\/\/www.weidasi.com\/ar\/wp-json\/wp\/v2\/product_tag?post=14234"}],"curies":[{"name":"wp","href":"https:\/\/api.w.org\/{rel}","templated":true}]}}