{"id":1607,"date":"2023-10-14T10:14:16","date_gmt":"2023-10-14T02:14:16","guid":{"rendered":"https:\/\/wp.weidasi.com\/?post_type=product&#038;p=1607"},"modified":"2023-10-16T11:37:16","modified_gmt":"2023-10-16T03:37:16","slug":"outdoor-led-emergency-lamp-lithium-battery-rechargeable-led-emergency-light","status":"publish","type":"product","link":"https:\/\/www.weidasi.com\/ar\/product\/outdoor-led-emergency-lamp-lithium-battery-rechargeable-led-emergency-light\/","title":{"rendered":"\u0645\u0635\u0628\u0627\u062d \u0637\u0648\u0627\u0631\u0626 LED \u062e\u0627\u0631\u062c\u064a \u0628\u0628\u0637\u0627\u0631\u064a\u0629 \u0644\u064a\u062b\u064a\u0648\u0645 \u0642\u0627\u0628\u0644\u0629 \u0644\u0644\u0634\u062d\u0646"},"content":{"rendered":"<table style=\"width: 100%; border-collapse: collapse;\">\n<tbody>\n<tr style=\"width: 100%;\">\n<td style=\"width: 99.9631%; background-color: #4e82b4; border-style: solid; border-color: #ffffff; text-align: center;\" colspan=\"4\"><span style=\"color: #ffffff; font-size: 12pt;\"><strong>\u0645\u0635\u0628\u0627\u062d \u0637\u0648\u0627\u0631\u0626 LED \u062e\u0627\u0631\u062c\u064a \u0628\u0628\u0637\u0627\u0631\u064a\u0629 \u0644\u064a\u062b\u064a\u0648\u0645 \u0642\u0627\u0628\u0644\u0629 \u0644\u0644\u0634\u062d\u0646<\/strong><\/span><\/td>\n<\/tr>\n<tr>\n<td style=\"width: 21.7528%; background-color: #f6f6f8; border-style: solid; border-color: #ffffff;\"><span style=\"color: #5c80b0; font-size: 12pt;\"><strong>\u0631\u0642\u0645 \u0627\u0644\u0635\u0646\u0641:<\/strong><\/span><\/td>\n<td style=\"width: 28.2472%; background-color: #f6f6f8; border-style: solid; border-color: #ffffff;\"><span style=\"font-size: 12pt;\">WD-869<\/span><\/td>\n<td style=\"width: 21.4761%; background-color: #f6f6f8; border-style: solid; border-color: #ffffff;\" data-spm-anchor-id=\"a2700.details.0.i47.7abce22d3UnoLF\"><span style=\"color: #5c80b0; font-size: 12pt;\"><strong>\u0627\u0644\u0648\u0635\u0641:<\/strong><\/span><\/td>\n<td style=\"width: 28.487%; background-color: #f6f6f8; border-style: solid; border-color: #ffffff;\" data-spm-anchor-id=\"a2700.details.0.i47.7abce22d3UnoLF\"><span style=\"font-size: 12pt;\">\u0645\u0635\u0628\u0627\u062d \u0627\u0644\u0637\u0648\u0627\u0631\u0626 LED<\/span><\/td>\n<\/tr>\n<tr>\n<td style=\"width: 21.7528%; background-color: #dae7ff; border-style: solid; border-color: #ffffff;\"><span style=\"color: #5c80b0; font-size: 12pt;\"><strong>\u0627\u0644\u062d\u0632\u0645\u0629:<\/strong><\/span><\/td>\n<td style=\"width: 28.2472%; background-color: #dae7ff; border-style: solid; border-color: #ffffff;\"><span style=\"font-size: 12pt;\">\u0635\u0646\u062f\u0648\u0642 \u0627\u0644\u0623\u0644\u0648\u0627\u0646<\/span><\/td>\n<td style=\"width: 21.4761%; background-color: #dae7ff; border-style: solid; border-color: #ffffff;\"><span style=\"color: #5c80b0; font-size: 12pt;\"><strong>\u0645\u0642\u0627\u0633 CTN:<\/strong><\/span><\/td>\n<td style=\"width: 28.487%; background-color: #dae7ff; border-style: solid; border-color: #ffffff;\"><span style=\"font-size: 12pt;\">50 \u00d7 48 \u00d7 38.5 \u0633\u0645<\/span><\/td>\n<\/tr>\n<tr>\n<td style=\"width: 21.7528%; background-color: #f6f6f8; border-style: solid; border-color: #ffffff;\"><span style=\"color: #5c80b0; font-size: 12pt;\"><strong>\u0646\u0648\u0639 \u0627\u0644\u0628\u0637\u0627\u0631\u064a\u0629:<\/strong><\/span><\/td>\n<td style=\"width: 28.2472%; background-color: #f6f6f8; border-style: solid; border-color: #ffffff;\"><span style=\"font-size: 12pt;\">\u0628\u0637\u0627\u0631\u064a\u0629 \u062d\u0645\u0636 \u0627\u0644\u0631\u0635\u0627\u0635<\/span><\/td>\n<td style=\"width: 21.4761%; background-color: #f6f6f8; border-style: solid; border-color: #ffffff;\"><span style=\"color: #5c80b0; font-size: 12pt;\"><strong>\u062d\u062c\u0645 \u0627\u0644\u0645\u0646\u062a\u062c:<\/strong><\/span><\/td>\n<td style=\"width: 28.487%; background-color: #f6f6f8; border-style: solid; border-color: #ffffff;\"><span style=\"font-size: 12pt;\">8.4*8.4*8.4*20.2 \u0633\u0645<\/span><\/td>\n<\/tr>\n<tr>\n<td style=\"width: 21.7528%; background-color: #dae7ff; border-style: solid; border-color: #ffffff;\"><span style=\"color: #5c80b0; font-size: 12pt;\"><strong>\u0645\u0648\u0643:<\/strong><\/span><\/td>\n<td style=\"width: 28.2472%; background-color: #dae7ff; border-style: solid; border-color: #ffffff;\"><span style=\"font-size: 12pt;\">40 \u0642\u0637\u0639\u0629<\/span><\/td>\n<td style=\"width: 21.4761%; background-color: #dae7ff; border-style: solid; border-color: #ffffff;\"><span style=\"color: #5c80b0; font-size: 12pt;\"><strong>\u062c. \u0648. \u0646. \u0648:<\/strong><\/span><\/td>\n<td style=\"width: 28.487%; background-color: #dae7ff; border-style: solid; border-color: #ffffff;\"><span style=\"font-size: 12pt;\">12 \u00d7 12 \u00d7 12 \u00d7 26 \u0633\u0645<\/span><\/td>\n<\/tr>\n<\/tbody>\n<\/table>\n<p>&nbsp;<\/p>\n<h3>\u0627\u0644\u0633\u0645\u0627\u062a \u0627\u0644\u0631\u0626\u064a\u0633\u064a\u0629<\/h3>\n<p data-spm-anchor-id=\"a2700.details.0.i32.7abce22d3UnoLF\"><strong>\u0627\u0644\u0633\u0645\u0627\u062a \u0627\u0644\u062e\u0627\u0635\u0629 \u0628\u0627\u0644\u0635\u0646\u0627\u0639\u0629<\/strong><\/p>\n<table style=\"height: 144px; width: 100%;\">\n<tbody>\n<tr style=\"height: 24px;\">\n<td style=\"width: 669.5px; height: 24px; background-color: #c4d9ff; border-style: solid; border-color: #ffffff;\"><span style=\"font-size: 12pt;\"><strong>\u062e\u062f\u0645\u0629 \u062d\u0644\u0648\u0644 \u0627\u0644\u0625\u0636\u0627\u0621\u0629<\/strong><\/span><\/td>\n<td style=\"width: 669.5px; height: 24px; background-color: #dae7ff; border-style: solid; border-color: #ffffff;\"><span style=\"font-size: 12pt;\">\u062a\u0635\u0645\u064a\u0645 \u0627\u0644\u0625\u0636\u0627\u0621\u0629 \u0648\u0627\u0644\u062f\u0648\u0627\u0626\u0631 \u0627\u0644\u0643\u0647\u0631\u0628\u0627\u0626\u064a\u0629<\/span><\/td>\n<\/tr>\n<tr style=\"height: 24px;\">\n<td style=\"width: 669.5px; height: 24px; background-color: #c4d9ff; border-style: solid; border-color: #ffffff;\"><span style=\"font-size: 12pt;\"><strong>\u0627\u0646\u0628\u0639\u0627\u062b \u0627\u0644\u0644\u0648\u0646<\/strong><\/span><\/td>\n<td style=\"width: 669.5px; height: 24px; background-color: #dae7ff; border-style: solid; border-color: #ffffff;\"><span style=\"font-size: 12pt;\">\u0623\u0628\u064a\u0636 \u0628\u0627\u0631\u062f<\/span><\/td>\n<\/tr>\n<tr style=\"height: 24px;\">\n<td style=\"width: 669.5px; height: 24px; background-color: #c4d9ff; border-style: solid; border-color: #ffffff;\"><span style=\"font-size: 12pt;\"><strong>\u0627\u0633\u0645 \u0627\u0644\u0645\u0646\u062a\u062c<\/strong><\/span><\/td>\n<td style=\"width: 669.5px; height: 24px; background-color: #dae7ff; border-style: solid; border-color: #ffffff;\"><span style=\"font-size: 12pt;\">\u0645\u0635\u0628\u0627\u062d LED \u0644\u0644\u0637\u0648\u0627\u0631\u0626 \u0642\u0627\u0628\u0644 \u0644\u0625\u0639\u0627\u062f\u0629 \u0627\u0644\u0634\u062d\u0646<\/span><\/td>\n<\/tr>\n<tr style=\"height: 24px;\">\n<td style=\"width: 669.5px; height: 24px; background-color: #c4d9ff; border-style: solid; border-color: #ffffff;\"><span style=\"font-size: 12pt;\"><strong>\u0627\u0644\u0645\u0648\u0627\u062f<\/strong><\/span><\/td>\n<td style=\"width: 669.5px; height: 24px; background-color: #dae7ff; border-style: solid; border-color: #ffffff;\"><span style=\"font-size: 12pt;\">ABS<\/span><\/td>\n<\/tr>\n<tr style=\"height: 24px;\">\n<td style=\"width: 669.5px; height: 24px; background-color: #c4d9ff; border-style: solid; border-color: #ffffff;\"><span style=\"font-size: 12pt;\"><strong>\u0627\u0644\u0627\u0633\u062a\u062e\u062f\u0627\u0645<\/strong><\/span><\/td>\n<td style=\"width: 669.5px; height: 24px; background-color: #dae7ff; border-style: solid; border-color: #ffffff;\"><span style=\"font-size: 12pt;\">\u0627\u0644\u062a\u062e\u064a\u064a\u0645 \u0641\u064a \u0627\u0644\u0623\u0645\u0627\u0643\u0646 \u0627\u0644\u0645\u063a\u0644\u0642\u0629 \u0641\u064a \u0627\u0644\u0647\u0648\u0627\u0621 \u0627\u0644\u0637\u0644\u0642 \u0641\u0646\u062f\u0642 \u0645\u0646\u0632\u0644\u064a<\/span><\/td>\n<\/tr>\n<tr style=\"height: 24px;\">\n<td style=\"width: 669.5px; height: 24px; background-color: #c4d9ff; border-style: solid; border-color: #ffffff;\"><span style=\"font-size: 12pt;\"><strong>\u0645\u0635\u062f\u0631 \u0627\u0644\u0636\u0648\u0621<\/strong><\/span><\/td>\n<td style=\"width: 669.5px; height: 24px; background-color: #dae7ff; border-style: solid; border-color: #ffffff;\"><span style=\"font-size: 12pt;\">\u0627\u0644\u0635\u0645\u0627\u0645 \u0627\u0644\u062b\u0646\u0627\u0626\u064a \u0627\u0644\u0628\u0627\u0639\u062b \u0644\u0644\u0636\u0648\u0621<\/span><\/td>\n<\/tr>\n<\/tbody>\n<\/table>\n<p>&nbsp;<\/p>\n<p><strong>\u0645\u064a\u0632\u0629 \u0627\u0644\u0645\u0646\u062a\u062c:<\/strong><\/p>\n<p>1- \u062a\u0633\u062a\u062e\u062f\u0645 \u0641\u064a \u0627\u0644\u0623\u0645\u0627\u0643\u0646 \u0627\u0644\u0645\u063a\u0644\u0642\u0629 \u0648\u0627\u0644\u062e\u0627\u0631\u062c\u064a\u0629.<br \/>\n2- \u062a\u0648\u0641\u064a\u0631 \u0627\u0644\u0637\u0627\u0642\u0629 \u0648\u0645\u0631\u0646\u0629 \u0648\u0645\u0631\u064a\u062d\u0629 \u0641\u064a \u0627\u0644\u0627\u0633\u062a\u062e\u062f\u0627\u0645.<br \/>\n3- \u0627\u0633\u062a\u0647\u0644\u0627\u0643 \u0645\u0646\u062e\u0641\u0636 \u0644\u0644\u0637\u0627\u0642\u0629\u060c \u0633\u0637\u0648\u0639 \u0641\u0627\u0626\u0642 \u0648\u0623\u0628\u064a\u0636.<\/p>\n<p>4-\u0645\u0642\u0628\u0633 \u0625\u062f\u062e\u0627\u0644 \u062a\u064a\u0627\u0631 \u0645\u062a\u0631\u062f\u062f\u060c \u062a\u064a\u0627\u0631 \u0645\u0633\u062a\u0645\u0631 (\u0644\u0644\u062a\u0648\u0635\u064a\u0644 \u0628\u0633\u0644\u0643 \u0634\u062d\u0646 \u0645\u062d\u0648\u0644 6 \u0641\u0648\u0644\u062a)<br \/>\n5- \u0645\u0646\u0641\u0630 \u0625\u062f\u062e\u0627\u0644 \u062a\u064a\u0627\u0631 \u0645\u062a\u0631\u062f\u062f 110-240 \u0641\u0648\u0644\u062a \u0648\u0643\u0627\u0628\u0644 \u0634\u062d\u0646 60 \u0633\u0645<\/p>\n<p>&nbsp;<\/p>\n<p><strong>\u062e\u062f\u0645\u0627\u062a\u0646\u0627:<\/strong><\/p>\n<p><span style=\"color: #ff0000;\">1. \u0639\u064a\u0646\u0629 \u0645\u062a\u0627\u062d\u0629 \u061b \u0642\u0628\u0648\u0644 \u0637\u0644\u0628\u064a\u0629 \u0627\u0644\u062a\u062a\u0628\u0639.<\/span><\/p>\n<p>2. ODM &amp; OEM \u0647\u064a \u0645\u0648\u0636\u0639 \u062a\u0631\u062d\u064a\u0628. LCL \/ OEM \/ ODM \/ CFL.<\/p>\n<p><span style=\"color: #ff0000;\">3. \u0625\u0630\u0627 \u0643\u0646\u062a \u062a\u0631\u063a\u0628 \u0641\u064a \u0627\u0633\u062a\u064a\u0631\u0627\u062f \u0628\u0639\u0636 \u0627\u0644\u0645\u0646\u062a\u062c\u0627\u062a \u0644\u0627\u062e\u062a\u0628\u0627\u0631 \u0627\u0644\u0633\u0648\u0642\u060c \u064a\u0645\u0643\u0646\u0646\u0627 \u062e\u0641\u0636 \u0645\u0648\u0643.<\/span><\/p>\n<p>4. \u0645\u0631\u062d\u0628\u064b\u0627 \u0628\u0643\u0645 \u0641\u064a \u0627\u0644\u0627\u062a\u0635\u0627\u0644 \u0628\u0646\u0627!<\/p>\n<p style=\"text-align: center;\"><iframe src=\"\/\/www.youtube.com\/embed\/JROJCKLxhpM\" width=\"750\" height=\"421\" allowfullscreen=\"allowfullscreen\"><\/iframe><\/p>\n<p><img alt=\"\" fetchpriority=\"high\" decoding=\"async\" class=\"aligncenter size-full wp-image-1623\" src=\"http:\/\/wp.weidasi.com\/wp-content\/uploads\/2023\/10\/1-3.jpg\" width=\"750\" height=\"854\" srcset=\"https:\/\/www.weidasi.com\/wp-content\/uploads\/2023\/10\/1-3.jpg 750w, https:\/\/www.weidasi.com\/wp-content\/uploads\/2023\/10\/1-3-600x683.jpg 600w, https:\/\/www.weidasi.com\/wp-content\/uploads\/2023\/10\/1-3-527x600.jpg 527w, https:\/\/www.weidasi.com\/wp-content\/uploads\/2023\/10\/1-3-11x12.jpg 11w\" sizes=\"(max-width: 750px) 100vw, 750px\" \/> <img alt=\"\" decoding=\"async\" class=\"aligncenter size-full wp-image-1621\" src=\"http:\/\/wp.weidasi.com\/wp-content\/uploads\/2023\/10\/2-3.jpg\" width=\"750\" height=\"1710\" srcset=\"https:\/\/www.weidasi.com\/wp-content\/uploads\/2023\/10\/2-3.jpg 750w, https:\/\/www.weidasi.com\/wp-content\/uploads\/2023\/10\/2-3-600x1368.jpg 600w, https:\/\/www.weidasi.com\/wp-content\/uploads\/2023\/10\/2-3-263x600.jpg 263w, https:\/\/www.weidasi.com\/wp-content\/uploads\/2023\/10\/2-3-449x1024.jpg 449w, https:\/\/www.weidasi.com\/wp-content\/uploads\/2023\/10\/2-3-674x1536.jpg 674w, https:\/\/www.weidasi.com\/wp-content\/uploads\/2023\/10\/2-3-5x12.jpg 5w\" sizes=\"(max-width: 750px) 100vw, 750px\" \/> <img alt=\"\" decoding=\"async\" class=\"aligncenter size-full wp-image-1622\" src=\"http:\/\/wp.weidasi.com\/wp-content\/uploads\/2023\/10\/3-3.jpg\" width=\"750\" height=\"1654\" srcset=\"https:\/\/www.weidasi.com\/wp-content\/uploads\/2023\/10\/3-3.jpg 750w, https:\/\/www.weidasi.com\/wp-content\/uploads\/2023\/10\/3-3-600x1323.jpg 600w, https:\/\/www.weidasi.com\/wp-content\/uploads\/2023\/10\/3-3-272x600.jpg 272w, https:\/\/www.weidasi.com\/wp-content\/uploads\/2023\/10\/3-3-464x1024.jpg 464w, https:\/\/www.weidasi.com\/wp-content\/uploads\/2023\/10\/3-3-696x1536.jpg 696w, https:\/\/www.weidasi.com\/wp-content\/uploads\/2023\/10\/3-3-5x12.jpg 5w\" sizes=\"(max-width: 750px) 100vw, 750px\" \/><\/p>","protected":false},"excerpt":{"rendered":"<p>\u0645\u0635\u0628\u0627\u062d \u0637\u0648\u0627\u0631\u0626 LED \u062e\u0627\u0631\u062c\u064a LED \u0645\u0635\u0628\u0627\u062d \u0637\u0648\u0627\u0631\u0626 \u0644\u064a\u062b\u064a\u0648\u0645 \u0628\u0637\u0627\u0631\u064a\u0629 \u0644\u064a\u062b\u064a\u0648\u0645 \u0642\u0627\u0628\u0644\u0629 \u0644\u0644\u0634\u062d\u0646 \u0645\u0635\u0628\u0627\u062d \u0637\u0648\u0627\u0631\u0626 LED \u0627\u0644\u0628\u0646\u062f \u0631\u0642\u0645: WD-869 \u0627\u0644\u0648\u0635\u0641: \u062d\u0632\u0645\u0629 \u0645\u0635\u0628\u0627\u062d \u0627\u0644\u0637\u0648\u0627\u0631\u0626 LED \u062d\u0632\u0645\u0629: \u0635\u0646\u062f\u0648\u0642 \u0623\u0644\u0648\u0627\u0646 CTN \u0627\u0644\u062d\u062c\u0645: 50 \u00d7 48 \u00d7 38.5 \u0633\u0645 \u0646\u0648\u0639 \u0627\u0644\u0628\u0637\u0627\u0631\u064a\u0629: \u0628\u0637\u0627\u0631\u064a\u0629 \u062d\u0645\u0636 \u0627\u0644\u0631\u0635\u0627\u0635 \u062d\u062c\u0645 \u0627\u0644\u0645\u0646\u062a\u062c: 8.4 * 8.4 * 20.2 \u0633\u0645 \u0645\u0648\u0643: 40 \u0642\u0637\u0639\u0629 G.W \/ N.W: 12x12x26 \u0633\u0645 \u0627\u0644\u0633\u0645\u0627\u062a \u0627\u0644\u0631\u0626\u064a\u0633\u064a\u0629 \u0627\u0644\u0633\u0645\u0627\u062a \u0627\u0644\u062e\u0627\u0635\u0629 \u0628\u0627\u0644\u0635\u0646\u0627\u0639\u0629 \u062e\u062f\u0645\u0629 \u062d\u0644\u0648\u0644 \u0627\u0644\u0625\u0636\u0627\u0621\u0629 \u062e\u062f\u0645\u0629 \u062d\u0644\u0648\u0644 \u0627\u0644\u0625\u0636\u0627\u0621\u0629 \u062a\u0635\u0645\u064a\u0645 \u0627\u0644\u0625\u0636\u0627\u0621\u0629 \u0648\u0627\u0644\u062f\u0648\u0627\u0626\u0631 \u0627\u0644\u0643\u0647\u0631\u0628\u0627\u0626\u064a\u0629 \u062a\u0635\u0645\u064a\u0645 \u0627\u0644\u0625\u0636\u0627\u0621\u0629 \u0648\u0627\u0644\u062f\u0648\u0627\u0626\u0631 \u0627\u0644\u0643\u0647\u0631\u0628\u0627\u0626\u064a\u0629 \u0644\u0648\u0646 \u0627\u0644\u0628\u0627\u0639\u062b \u0623\u0628\u064a\u0636 \u0628\u0627\u0631\u062f \u0627\u0633\u0645 \u0627\u0644\u0645\u0646\u062a\u062c \u0627\u0633\u0645 \u0627\u0644\u0645\u0646\u062a\u062c \u0623\u062f\u0649 \u0627\u0644\u0637\u0648\u0627\u0631\u0626 \u0627\u0644\u0642\u0627\u0628\u0644\u0629 \u0644\u0625\u0639\u0627\u062f\u0629 \u0627\u0644\u0634\u062d\u0646 [...]<\/p>","protected":false},"featured_media":1614,"template":"","meta":{"_seopress_robots_primary_cat":"none","_seopress_titles_title":"","_seopress_titles_desc":"","_seopress_robots_index":"","inline_featured_image":false},"product_brand":[],"product_cat":[19],"product_tag":[],"class_list":{"0":"post-1607","1":"product","2":"type-product","3":"status-publish","4":"has-post-thumbnail","6":"product_cat-emergency-light","8":"first","9":"instock","10":"featured","11":"shipping-taxable","12":"product-type-simple"},"_links":{"self":[{"href":"https:\/\/www.weidasi.com\/ar\/wp-json\/wp\/v2\/product\/1607","targetHints":{"allow":["GET"]}}],"collection":[{"href":"https:\/\/www.weidasi.com\/ar\/wp-json\/wp\/v2\/product"}],"about":[{"href":"https:\/\/www.weidasi.com\/ar\/wp-json\/wp\/v2\/types\/product"}],"version-history":[{"count":2,"href":"https:\/\/www.weidasi.com\/ar\/wp-json\/wp\/v2\/product\/1607\/revisions"}],"predecessor-version":[{"id":1816,"href":"https:\/\/www.weidasi.com\/ar\/wp-json\/wp\/v2\/product\/1607\/revisions\/1816"}],"wp:featuredmedia":[{"embeddable":true,"href":"https:\/\/www.weidasi.com\/ar\/wp-json\/wp\/v2\/media\/1614"}],"wp:attachment":[{"href":"https:\/\/www.weidasi.com\/ar\/wp-json\/wp\/v2\/media?parent=1607"}],"wp:term":[{"taxonomy":"product_brand","embeddable":true,"href":"https:\/\/www.weidasi.com\/ar\/wp-json\/wp\/v2\/product_brand?post=1607"},{"taxonomy":"product_cat","embeddable":true,"href":"https:\/\/www.weidasi.com\/ar\/wp-json\/wp\/v2\/product_cat?post=1607"},{"taxonomy":"product_tag","embeddable":true,"href":"https:\/\/www.weidasi.com\/ar\/wp-json\/wp\/v2\/product_tag?post=1607"}],"curies":[{"name":"wp","href":"https:\/\/api.w.org\/{rel}","templated":true}]}}