{"id":5642,"date":"2024-07-29T15:44:15","date_gmt":"2024-07-29T07:44:15","guid":{"rendered":"https:\/\/www.weidasi.com\/?post_type=product&#038;p=5642"},"modified":"2024-08-02T16:07:07","modified_gmt":"2024-08-02T08:07:07","slug":"outdoor-led-emergency-lamp-lithium-battery-rechargeable-led-emergency-light-2","status":"publish","type":"product","link":"https:\/\/www.weidasi.com\/ar\/product\/outdoor-led-emergency-lamp-lithium-battery-rechargeable-led-emergency-light-2\/","title":{"rendered":"\u0645\u0635\u0627\u0628\u064a\u062d \u0637\u0648\u0627\u0631\u0626 \u062f\u0627\u062e\u0644\u064a\u0629 \u0648\u062e\u0627\u0631\u062c\u064a\u0629 \u0642\u0627\u0628\u0644\u0629 \u0644\u0644\u0634\u062d\u0646 \u0628\u0645\u0635\u0628\u0627\u062d \u0637\u0648\u0627\u0631\u0626 LED \u0642\u0627\u0628\u0644 \u0644\u0644\u0634\u062d\u0646 USB \u0642\u0627\u0628\u0644 \u0644\u0644\u0634\u062d\u0646 \u0645\u0635\u0628\u0627\u062d \u062a\u062e\u064a\u064a\u0645 \u0642\u0627\u0628\u0644 \u0644\u0644\u0634\u062d\u0646"},"content":{"rendered":"<table style=\"width: 100%; border-collapse: collapse; height: 120px;\">\n<tbody>\n<tr style=\"width: 100%;\">\n<td style=\"width: 99.9631%; background-color: #4e82b4; border-style: solid; border-color: #ffffff; text-align: center; height: 24px;\" colspan=\"4\"><span style=\"color: #ffffff; font-size: 12pt;\"><strong>\u0645\u0635\u0628\u0627\u062d \u0637\u0648\u0627\u0631\u0626 LED \u062e\u0627\u0631\u062c\u064a \u0628\u0628\u0637\u0627\u0631\u064a\u0629 \u0644\u064a\u062b\u064a\u0648\u0645 \u0642\u0627\u0628\u0644\u0629 \u0644\u0644\u0634\u062d\u0646<\/strong><\/span><\/td>\n<\/tr>\n<tr style=\"height: 24px;\">\n<td style=\"width: 21.7528%; background-color: #f6f6f8; border-style: solid; border-color: #ffffff; height: 24px;\"><span style=\"color: #5c80b0; font-size: 12pt;\"><strong>\u0631\u0642\u0645 \u0627\u0644\u0635\u0646\u0641:<\/strong><\/span><\/td>\n<td style=\"width: 28.2472%; background-color: #f6f6f8; border-style: solid; border-color: #ffffff; height: 24px;\"><span style=\"font-size: 12pt;\">WD-881<\/span><\/td>\n<td style=\"width: 21.4761%; background-color: #f6f6f8; border-style: solid; border-color: #ffffff; height: 24px;\" data-spm-anchor-id=\"a2700.details.0.i47.7abce22d3UnoLF\"><span style=\"color: #5c80b0; font-size: 12pt;\"><strong>\u0627\u0644\u0648\u0635\u0641:<\/strong><\/span><\/td>\n<td style=\"width: 28.487%; background-color: #f6f6f8; border-style: solid; border-color: #ffffff; height: 24px;\" data-spm-anchor-id=\"a2700.details.0.i47.7abce22d3UnoLF\"><span style=\"font-size: 12pt;\">\u0645\u0635\u0628\u0627\u062d \u0627\u0644\u0637\u0648\u0627\u0631\u0626 LED<\/span><\/td>\n<\/tr>\n<tr style=\"height: 24px;\">\n<td style=\"width: 21.7528%; background-color: #dae7ff; border-style: solid; border-color: #ffffff; height: 24px;\"><span style=\"color: #5c80b0; font-size: 12pt;\"><strong>\u0627\u0644\u062d\u0632\u0645\u0629:<\/strong><\/span><\/td>\n<td style=\"width: 28.2472%; background-color: #dae7ff; border-style: solid; border-color: #ffffff; height: 24px;\"><span style=\"font-size: 12pt;\">\u0635\u0646\u062f\u0648\u0642 \u0627\u0644\u0623\u0644\u0648\u0627\u0646<\/span><\/td>\n<td style=\"width: 21.4761%; background-color: #dae7ff; border-style: solid; border-color: #ffffff; height: 24px;\"><span style=\"color: #5c80b0; font-size: 12pt;\"><strong>\u0645\u0642\u0627\u0633 CTN:<\/strong><\/span><\/td>\n<td style=\"width: 28.487%; background-color: #dae7ff; border-style: solid; border-color: #ffffff; height: 24px;\"><span style=\"font-size: 12pt;\">43.5 \u00d7 42 \u00d7 43 \u00d7 17 \u0633\u0645<\/span><\/td>\n<\/tr>\n<tr style=\"height: 24px;\">\n<td style=\"width: 21.7528%; background-color: #f6f6f8; border-style: solid; border-color: #ffffff; height: 24px;\"><span style=\"color: #5c80b0; font-size: 12pt;\"><strong>\u0646\u0648\u0639 \u0627\u0644\u0628\u0637\u0627\u0631\u064a\u0629:<\/strong><\/span><\/td>\n<td style=\"width: 28.2472%; background-color: #f6f6f8; border-style: solid; border-color: #ffffff; height: 24px;\"><span style=\"font-size: 12pt;\">\u0628\u0637\u0627\u0631\u064a\u0629 \u062d\u0645\u0636 \u0627\u0644\u0631\u0635\u0627\u0635<\/span><\/td>\n<td style=\"width: 21.4761%; background-color: #f6f6f8; border-style: solid; border-color: #ffffff; height: 24px;\"><span style=\"color: #5c80b0; font-size: 12pt;\"><strong>\u062d\u062c\u0645 \u0627\u0644\u0645\u0646\u062a\u062c:<\/strong><\/span><\/td>\n<td style=\"width: 28.487%; background-color: #f6f6f8; border-style: solid; border-color: #ffffff; height: 24px;\"><span style=\"font-size: 12pt;\">6.6*3.3*10.3 \u0633\u0645<\/span><\/td>\n<\/tr>\n<tr style=\"height: 24px;\">\n<td style=\"width: 21.7528%; background-color: #dae7ff; border-style: solid; border-color: #ffffff; height: 24px;\"><span style=\"color: #5c80b0; font-size: 12pt;\"><strong>\u0645\u0648\u0643:<\/strong><\/span><\/td>\n<td style=\"width: 28.2472%; background-color: #dae7ff; border-style: solid; border-color: #ffffff; height: 24px;\"><span style=\"font-size: 12pt;\">1000 \u0642\u0637\u0639\u0629<\/span><\/td>\n<td style=\"width: 21.4761%; background-color: #dae7ff; border-style: solid; border-color: #ffffff; height: 24px;\"><span style=\"color: #5c80b0; font-size: 12pt;\"><strong>\u062c. \u0648. \u0646. \u0648:<\/strong><\/span><\/td>\n<td style=\"width: 28.487%; background-color: #dae7ff; border-style: solid; border-color: #ffffff; height: 24px;\"><span style=\"font-size: 12pt;\">13.8 \u0643\u062c\u0645\/12.8 \u0643\u062c\u0645<\/span><\/td>\n<\/tr>\n<\/tbody>\n<\/table>\n<p>&nbsp;<\/p>\n<h3>\u0627\u0644\u0633\u0645\u0627\u062a \u0627\u0644\u0631\u0626\u064a\u0633\u064a\u0629<\/h3>\n<p data-spm-anchor-id=\"a2700.details.0.i32.7abce22d3UnoLF\"><strong>\u0627\u0644\u0633\u0645\u0627\u062a \u0627\u0644\u062e\u0627\u0635\u0629 \u0628\u0627\u0644\u0635\u0646\u0627\u0639\u0629<\/strong><\/p>\n<table style=\"height: 144px; width: 100%;\">\n<tbody>\n<tr style=\"height: 24px;\">\n<td style=\"width: 669.5px; height: 24px; background-color: #c4d9ff; border-style: solid; border-color: #ffffff;\"><span style=\"font-size: 12pt;\"><strong>\u062e\u062f\u0645\u0629 \u062d\u0644\u0648\u0644 \u0627\u0644\u0625\u0636\u0627\u0621\u0629<\/strong><\/span><\/td>\n<td style=\"width: 669.5px; height: 24px; background-color: #dae7ff; border-style: solid; border-color: #ffffff;\"><span style=\"font-size: 12pt;\">\u062a\u0635\u0645\u064a\u0645 \u0627\u0644\u0625\u0636\u0627\u0621\u0629 \u0648\u0627\u0644\u062f\u0648\u0627\u0626\u0631 \u0627\u0644\u0643\u0647\u0631\u0628\u0627\u0626\u064a\u0629<\/span><\/td>\n<\/tr>\n<tr style=\"height: 24px;\">\n<td style=\"width: 669.5px; height: 24px; background-color: #c4d9ff; border-style: solid; border-color: #ffffff;\"><span style=\"font-size: 12pt;\"><strong>\u0627\u0646\u0628\u0639\u0627\u062b \u0627\u0644\u0644\u0648\u0646<\/strong><\/span><\/td>\n<td style=\"width: 669.5px; height: 24px; background-color: #dae7ff; border-style: solid; border-color: #ffffff;\">\u0623\u0628\u064a\u0636<\/td>\n<\/tr>\n<tr style=\"height: 24px;\">\n<td style=\"width: 669.5px; height: 24px; background-color: #c4d9ff; border-style: solid; border-color: #ffffff;\"><span style=\"font-size: 12pt;\"><strong>\u0627\u0633\u0645 \u0627\u0644\u0645\u0646\u062a\u062c<\/strong><\/span><\/td>\n<td style=\"width: 669.5px; height: 24px; background-color: #dae7ff; border-style: solid; border-color: #ffffff;\">\u0645\u0635\u0628\u0627\u062d \u0627\u0644\u0637\u0648\u0627\u0631\u0626 \u0627\u0644\u0642\u0627\u0628\u0644 \u0644\u0625\u0639\u0627\u062f\u0629 \u0627\u0644\u0634\u062d\u0646<\/td>\n<\/tr>\n<tr style=\"height: 24px;\">\n<td style=\"width: 669.5px; height: 24px; background-color: #c4d9ff; border-style: solid; border-color: #ffffff;\"><span style=\"font-size: 12pt;\"><strong>\u0627\u0644\u0645\u0648\u0627\u062f<\/strong><\/span><\/td>\n<td style=\"width: 669.5px; height: 24px; background-color: #dae7ff; border-style: solid; border-color: #ffffff;\">\u0628\u0644\u0627\u0633\u062a\u064a\u0643<\/td>\n<\/tr>\n<tr style=\"height: 24px;\">\n<td style=\"width: 669.5px; height: 24px; background-color: #c4d9ff; border-style: solid; border-color: #ffffff;\"><span style=\"font-size: 12pt;\"><strong>\u0627\u0644\u0627\u0633\u062a\u062e\u062f\u0627\u0645<\/strong><\/span><\/td>\n<td style=\"width: 669.5px; height: 24px; background-color: #dae7ff; border-style: solid; border-color: #ffffff;\">\u062a\u062e\u064a\u064a\u0645\u061b\u0635\u064a\u062f\u061b\u0645\u063a\u0627\u0645\u0631\u0629<\/td>\n<\/tr>\n<tr style=\"height: 24px;\">\n<td style=\"width: 669.5px; height: 24px; background-color: #c4d9ff; border-style: solid; border-color: #ffffff;\"><span style=\"font-size: 12pt;\"><strong>\u0645\u0635\u062f\u0631 \u0627\u0644\u0636\u0648\u0621<\/strong><\/span><\/td>\n<td style=\"width: 669.5px; height: 24px; background-color: #dae7ff; border-style: solid; border-color: #ffffff;\"><span style=\"font-size: 12pt;\">\u0627\u0644\u0635\u0645\u0627\u0645 \u0627\u0644\u062b\u0646\u0627\u0626\u064a \u0627\u0644\u0628\u0627\u0639\u062b \u0644\u0644\u0636\u0648\u0621<\/span><\/td>\n<\/tr>\n<\/tbody>\n<\/table>\n<p>&nbsp;<\/p>\n<p><strong>\u0645\u064a\u0632\u0629 \u0627\u0644\u0645\u0646\u062a\u062c:<\/strong><\/p>\n<p>\u0645\u0635\u0628\u0627\u062d \u0627\u0644\u0637\u0648\u0627\u0631\u0626 \u0627\u0644\u0642\u0627\u0628\u0644 \u0644\u0625\u0639\u0627\u062f\u0629 \u0627\u0644\u0634\u062d\u0646<br \/>\n1. \u0645\u0635\u062f\u0631 \u0627\u0644\u0636\u0648\u0621: 15 SMD<br \/>\n2. \u0628\u0637\u0627\u0631\u064a\u0629 \u0631\u0635\u0627\u0635 \u062d\u0645\u0636\u064a\u0629 4 \u0641\u0648\u0644\u062a 1000 \u0645\u0644\u0644\u064a \u0623\u0645\u0628\u064a\u0631\/\u0633\u0627\u0639\u0629<br \/>\n<span data-spm-anchor-id=\"a2700.details.0.i93.59f7b634Vqs4hQ\">3. \u0645\u0646\u0641\u0630 USB \u0635\u063a\u064a\u0631 \u0628\u0642\u0648\u0629 5 \u0641\u0648\u0644\u062a\/1 \u0623\u0645\u0628\u064a\u0631 \u0644\u0625\u0639\u0627\u062f\u0629 \u0627\u0644\u0634\u062d\u0646 \u0627\u0644\u062e\u0641\u064a\u0641<\/span><\/p>\n<p>&nbsp;<\/p>\n<p><strong>\u062e\u062f\u0645\u0627\u062a\u0646\u0627:<\/strong><\/p>\n<p><span style=\"color: #ff0000;\">1. \u0639\u064a\u0646\u0629 \u0645\u062a\u0627\u062d\u0629 \u061b \u0642\u0628\u0648\u0644 \u0637\u0644\u0628\u064a\u0629 \u0627\u0644\u062a\u062a\u0628\u0639.<\/span><\/p>\n<p>2. ODM &amp; OEM \u0647\u064a \u0645\u0648\u0636\u0639 \u062a\u0631\u062d\u064a\u0628. LCL \/ OEM \/ ODM \/ CFL.<\/p>\n<p><span style=\"color: #ff0000;\">3. \u0625\u0630\u0627 \u0643\u0646\u062a \u062a\u0631\u063a\u0628 \u0641\u064a \u0627\u0633\u062a\u064a\u0631\u0627\u062f \u0628\u0639\u0636 \u0627\u0644\u0645\u0646\u062a\u062c\u0627\u062a \u0644\u0627\u062e\u062a\u0628\u0627\u0631 \u0627\u0644\u0633\u0648\u0642\u060c \u064a\u0645\u0643\u0646\u0646\u0627 \u062e\u0641\u0636 \u0645\u0648\u0643.<\/span><\/p>\n<p>4. \u0645\u0631\u062d\u0628\u064b\u0627 \u0628\u0643\u0645 \u0641\u064a \u0627\u0644\u0627\u062a\u0635\u0627\u0644 \u0628\u0646\u0627!<\/p>\n<p style=\"text-align: center;\"><img fetchpriority=\"high\" decoding=\"async\" class=\"aligncenter wp-image-5636 size-full\" src=\"https:\/\/www.weidasi.com\/wp-content\/uploads\/2024\/07\/\u8be6\u60c5_01.jpg\" alt=\"\u8be6 01\" width=\"750\" height=\"1410\" srcset=\"https:\/\/www.weidasi.com\/wp-content\/uploads\/2024\/07\/\u8be6\u60c5_01.jpg 750w, https:\/\/www.weidasi.com\/wp-content\/uploads\/2024\/07\/\u8be6\u60c5_01-600x1128.jpg 600w, https:\/\/www.weidasi.com\/wp-content\/uploads\/2024\/07\/\u8be6\u60c5_01-319x600.jpg 319w, https:\/\/www.weidasi.com\/wp-content\/uploads\/2024\/07\/\u8be6\u60c5_01-545x1024.jpg 545w, https:\/\/www.weidasi.com\/wp-content\/uploads\/2024\/07\/\u8be6\u60c5_01-6x12.jpg 6w\" sizes=\"(max-width: 750px) 100vw, 750px\" \/><\/p>\n<p style=\"text-align: center;\"><img decoding=\"async\" class=\"aligncenter wp-image-5637 size-full\" src=\"https:\/\/www.weidasi.com\/wp-content\/uploads\/2024\/07\/\u8be6\u60c5_02.jpg\" alt=\"\u8be6 02\" width=\"750\" height=\"1421\" srcset=\"https:\/\/www.weidasi.com\/wp-content\/uploads\/2024\/07\/\u8be6\u60c5_02.jpg 750w, https:\/\/www.weidasi.com\/wp-content\/uploads\/2024\/07\/\u8be6\u60c5_02-600x1137.jpg 600w, https:\/\/www.weidasi.com\/wp-content\/uploads\/2024\/07\/\u8be6\u60c5_02-317x600.jpg 317w, https:\/\/www.weidasi.com\/wp-content\/uploads\/2024\/07\/\u8be6\u60c5_02-540x1024.jpg 540w, https:\/\/www.weidasi.com\/wp-content\/uploads\/2024\/07\/\u8be6\u60c5_02-6x12.jpg 6w\" sizes=\"(max-width: 750px) 100vw, 750px\" \/><\/p>\n<p style=\"text-align: center;\"><img decoding=\"async\" class=\"aligncenter wp-image-5638 size-full\" src=\"https:\/\/www.weidasi.com\/wp-content\/uploads\/2024\/07\/\u8be6\u60c5_03.jpg\" alt=\"\u8be6 03\" width=\"750\" height=\"1572\" srcset=\"https:\/\/www.weidasi.com\/wp-content\/uploads\/2024\/07\/\u8be6\u60c5_03.jpg 750w, https:\/\/www.weidasi.com\/wp-content\/uploads\/2024\/07\/\u8be6\u60c5_03-600x1258.jpg 600w, https:\/\/www.weidasi.com\/wp-content\/uploads\/2024\/07\/\u8be6\u60c5_03-286x600.jpg 286w, https:\/\/www.weidasi.com\/wp-content\/uploads\/2024\/07\/\u8be6\u60c5_03-489x1024.jpg 489w, https:\/\/www.weidasi.com\/wp-content\/uploads\/2024\/07\/\u8be6\u60c5_03-733x1536.jpg 733w, https:\/\/www.weidasi.com\/wp-content\/uploads\/2024\/07\/\u8be6\u60c5_03-6x12.jpg 6w\" sizes=\"(max-width: 750px) 100vw, 750px\" \/><\/p>\n<p style=\"text-align: center;\"><img loading=\"lazy\" decoding=\"async\" class=\"aligncenter wp-image-5639 size-full\" src=\"https:\/\/www.weidasi.com\/wp-content\/uploads\/2024\/07\/\u8be6\u60c5_04.jpg\" alt=\"\u8be6 04\" width=\"750\" height=\"1592\" srcset=\"https:\/\/www.weidasi.com\/wp-content\/uploads\/2024\/07\/\u8be6\u60c5_04.jpg 750w, https:\/\/www.weidasi.com\/wp-content\/uploads\/2024\/07\/\u8be6\u60c5_04-600x1274.jpg 600w, https:\/\/www.weidasi.com\/wp-content\/uploads\/2024\/07\/\u8be6\u60c5_04-283x600.jpg 283w, https:\/\/www.weidasi.com\/wp-content\/uploads\/2024\/07\/\u8be6\u60c5_04-482x1024.jpg 482w, https:\/\/www.weidasi.com\/wp-content\/uploads\/2024\/07\/\u8be6\u60c5_04-724x1536.jpg 724w, https:\/\/www.weidasi.com\/wp-content\/uploads\/2024\/07\/\u8be6\u60c5_04-6x12.jpg 6w\" sizes=\"(max-width: 750px) 100vw, 750px\" \/><\/p>\n<p style=\"text-align: center;\"><img loading=\"lazy\" decoding=\"async\" class=\"aligncenter wp-image-5640 size-full\" src=\"https:\/\/www.weidasi.com\/wp-content\/uploads\/2024\/07\/\u8be6\u60c5_05.jpg\" alt=\"\u8be6 05\" width=\"750\" height=\"1590\" srcset=\"https:\/\/www.weidasi.com\/wp-content\/uploads\/2024\/07\/\u8be6\u60c5_05.jpg 750w, https:\/\/www.weidasi.com\/wp-content\/uploads\/2024\/07\/\u8be6\u60c5_05-600x1272.jpg 600w, https:\/\/www.weidasi.com\/wp-content\/uploads\/2024\/07\/\u8be6\u60c5_05-283x600.jpg 283w, https:\/\/www.weidasi.com\/wp-content\/uploads\/2024\/07\/\u8be6\u60c5_05-483x1024.jpg 483w, https:\/\/www.weidasi.com\/wp-content\/uploads\/2024\/07\/\u8be6\u60c5_05-725x1536.jpg 725w, https:\/\/www.weidasi.com\/wp-content\/uploads\/2024\/07\/\u8be6\u60c5_05-6x12.jpg 6w\" sizes=\"(max-width: 750px) 100vw, 750px\" \/><\/p>\n<p style=\"text-align: center;\"><img loading=\"lazy\" decoding=\"async\" class=\"aligncenter wp-image-5641 size-full\" src=\"https:\/\/www.weidasi.com\/wp-content\/uploads\/2024\/07\/\u8be6\u60c5_06.jpg\" alt=\"\u8be6 06\" width=\"750\" height=\"989\" srcset=\"https:\/\/www.weidasi.com\/wp-content\/uploads\/2024\/07\/\u8be6\u60c5_06.jpg 750w, https:\/\/www.weidasi.com\/wp-content\/uploads\/2024\/07\/\u8be6\u60c5_06-600x791.jpg 600w, https:\/\/www.weidasi.com\/wp-content\/uploads\/2024\/07\/\u8be6\u60c5_06-455x600.jpg 455w, https:\/\/www.weidasi.com\/wp-content\/uploads\/2024\/07\/\u8be6\u60c5_06-9x12.jpg 9w\" sizes=\"(max-width: 750px) 100vw, 750px\" \/><\/p>","protected":false},"excerpt":{"rendered":"<p>Outdoor LED Emergency Lamp Lithium Battery Rechargeable Led Emergency Light Item\u00a0No.: WD-881 Description: Led Emergency Lamp Package: Color Box CTN Size: 43.5x42x17cm Battery Type: Lead Acid Battery Product Size: 6.6*3.3*10.3cm MOQ: 1000PCS G.W\/N.W: 13.8kg\/12.8kg &nbsp; Key attributes Industry-specific attributes Lighting solutions service Lighting and circuitry design Emitting Color White Product name Emergency light rechargeable Material [&hellip;]<\/p>","protected":false},"featured_media":5636,"template":"","meta":{"_seopress_robots_primary_cat":"none","_seopress_titles_title":"","_seopress_titles_desc":"","_seopress_robots_index":"","inline_featured_image":false},"product_brand":[],"product_cat":[19],"product_tag":[],"class_list":{"0":"post-5642","1":"product","2":"type-product","3":"status-publish","4":"has-post-thumbnail","6":"product_cat-emergency-light","8":"first","9":"instock","10":"shipping-taxable","11":"product-type-simple"},"_links":{"self":[{"href":"https:\/\/www.weidasi.com\/ar\/wp-json\/wp\/v2\/product\/5642","targetHints":{"allow":["GET"]}}],"collection":[{"href":"https:\/\/www.weidasi.com\/ar\/wp-json\/wp\/v2\/product"}],"about":[{"href":"https:\/\/www.weidasi.com\/ar\/wp-json\/wp\/v2\/types\/product"}],"version-history":[{"count":4,"href":"https:\/\/www.weidasi.com\/ar\/wp-json\/wp\/v2\/product\/5642\/revisions"}],"predecessor-version":[{"id":5784,"href":"https:\/\/www.weidasi.com\/ar\/wp-json\/wp\/v2\/product\/5642\/revisions\/5784"}],"wp:featuredmedia":[{"embeddable":true,"href":"https:\/\/www.weidasi.com\/ar\/wp-json\/wp\/v2\/media\/5636"}],"wp:attachment":[{"href":"https:\/\/www.weidasi.com\/ar\/wp-json\/wp\/v2\/media?parent=5642"}],"wp:term":[{"taxonomy":"product_brand","embeddable":true,"href":"https:\/\/www.weidasi.com\/ar\/wp-json\/wp\/v2\/product_brand?post=5642"},{"taxonomy":"product_cat","embeddable":true,"href":"https:\/\/www.weidasi.com\/ar\/wp-json\/wp\/v2\/product_cat?post=5642"},{"taxonomy":"product_tag","embeddable":true,"href":"https:\/\/www.weidasi.com\/ar\/wp-json\/wp\/v2\/product_tag?post=5642"}],"curies":[{"name":"wp","href":"https:\/\/api.w.org\/{rel}","templated":true}]}}